{"id":13,"date":"2026-05-11T07:04:13","date_gmt":"2026-05-11T07:04:13","guid":{"rendered":"https:\/\/ortopediairegua.devi4life.es\/?page_id=13"},"modified":"2026-05-11T08:10:54","modified_gmt":"2026-05-11T08:10:54","slug":"ortopedia-iregua","status":"publish","type":"page","link":"https:\/\/ortopediairegua.devi4life.es\/","title":{"rendered":"Ortopedia Iregua"},"content":{"rendered":"\t\t<div data-elementor-type=\"wp-page\" data-elementor-id=\"13\" class=\"elementor elementor-13\">\n\t\t\t\t<div class=\"elementor-element elementor-element-7283c8d e-flex e-con-boxed e-con e-parent\" data-id=\"7283c8d\" data-element_type=\"container\" data-e-type=\"container\" data-settings=\"{&quot;background_background&quot;:&quot;classic&quot;}\">\n\t\t\t\t\t<div class=\"e-con-inner\">\n\t\t<div class=\"elementor-element elementor-element-4ebb946 e-con-full e-flex e-con e-child\" data-id=\"4ebb946\" data-element_type=\"container\" data-e-type=\"container\">\n\t\t\t\t\t\t\t<h1 \n\t\tdata-interaction-id=\"15c912b\" \n\t\tclass=\"e-15c912b-6d348ea e-heading-base\" \n\t\t \n\t\t\n\t>\n\t\n\t\t\tArt\u00edculos de ortopedia en Logro\u00f1o\n\t\t<\/h1>\n\t\t\t\t\t\t\t<h2 \n\t\tdata-interaction-id=\"237579d\" \n\t\tclass=\"e-237579d-939305b e-heading-base\" \n\t\t \n\t\t\n\t>\n\t\n\t\t\tOrtopedia Iregua\n\t\t<\/h2>\n\t\t\t\t\t\t\t\t<p class=\"e-b5f3561-07f7183 e-paragraph-base\" data-interaction-id=\"b5f3561\"  >\n\t\t\t\t\t\t\t\tEn Ortopedia Iregua entendemos que cada paso cuenta. Por eso, no solo somos una tienda de art\u00edculos ortop\u00e9dicos; somos un centro especializado dedicado a mejorar tu calidad de vida.\n\t\t\t\t\t<\/p>\n\t\t\t\t<\/div>\n\t\t<div class=\"elementor-element elementor-element-03c6583 e-con-full e-flex e-con e-child\" data-id=\"03c6583\" data-element_type=\"container\" data-e-type=\"container\" data-settings=\"{&quot;background_background&quot;:&quot;classic&quot;}\">\n\t\t\t\t<div class=\"elementor-element elementor-element-d62d5b4 elementor-hidden-tablet elementor-hidden-mobile elementor-widget elementor-widget-image\" data-id=\"d62d5b4\" data-element_type=\"widget\" data-e-type=\"widget\" data-widget_type=\"image.default\">\n\t\t\t\t\t\t\t\t\t\t\t\t\t\t\t<img fetchpriority=\"high\" decoding=\"async\" width=\"1024\" height=\"917\" src=\"https:\/\/ortopediairegua.devi4life.es\/wp-content\/uploads\/2026\/05\/Portada2_OrtopediaIregua-1024x917.png\" class=\"attachment-large size-large wp-image-29\" alt=\"\" srcset=\"https:\/\/ortopediairegua.devi4life.es\/wp-content\/uploads\/2026\/05\/Portada2_OrtopediaIregua-1024x917.png 1024w, https:\/\/ortopediairegua.devi4life.es\/wp-content\/uploads\/2026\/05\/Portada2_OrtopediaIregua-300x269.png 300w, https:\/\/ortopediairegua.devi4life.es\/wp-content\/uploads\/2026\/05\/Portada2_OrtopediaIregua-768x688.png 768w, https:\/\/ortopediairegua.devi4life.es\/wp-content\/uploads\/2026\/05\/Portada2_OrtopediaIregua.png 1206w\" sizes=\"(max-width: 1024px) 100vw, 1024px\" \/>\t\t\t\t\t\t\t\t\t\t\t\t\t\t\t<\/div>\n\t\t\t\t<\/div>\n\t\t\t\t\t<\/div>\n\t\t\t\t<\/div>\n\t\t<div class=\"elementor-element elementor-element-3e1e16f e-flex e-con-boxed e-con e-parent\" data-id=\"3e1e16f\" data-element_type=\"container\" data-e-type=\"container\" data-settings=\"{&quot;background_background&quot;:&quot;classic&quot;}\">\n\t\t\t\t\t<div class=\"e-con-inner\">\n\t\t<div class=\"elementor-element elementor-element-562ecf0 e-con-full e-flex e-con e-child\" data-id=\"562ecf0\" data-element_type=\"container\" data-e-type=\"container\">\n\t\t\t\t<div class=\"elementor-element elementor-element-35d7d36 e-transform elementor-widget elementor-widget-image\" data-id=\"35d7d36\" data-element_type=\"widget\" data-e-type=\"widget\" data-settings=\"{&quot;_transform_rotateZ_effect_tablet&quot;:{&quot;unit&quot;:&quot;deg&quot;,&quot;size&quot;:16,&quot;sizes&quot;:[]},&quot;_transform_rotateZ_effect_mobile&quot;:{&quot;unit&quot;:&quot;deg&quot;,&quot;size&quot;:12,&quot;sizes&quot;:[]},&quot;_transform_rotateZ_effect&quot;:{&quot;unit&quot;:&quot;px&quot;,&quot;size&quot;:&quot;&quot;,&quot;sizes&quot;:[]}}\" data-widget_type=\"image.default\">\n\t\t\t\t\t\t\t\t\t\t\t\t\t\t\t<img decoding=\"async\" width=\"684\" height=\"523\" src=\"https:\/\/ortopediairegua.devi4life.es\/wp-content\/uploads\/2026\/05\/A-Medida_OrtopediaIregua.png\" class=\"attachment-large size-large wp-image-9\" alt=\"\" srcset=\"https:\/\/ortopediairegua.devi4life.es\/wp-content\/uploads\/2026\/05\/A-Medida_OrtopediaIregua.png 684w, https:\/\/ortopediairegua.devi4life.es\/wp-content\/uploads\/2026\/05\/A-Medida_OrtopediaIregua-300x229.png 300w\" sizes=\"(max-width: 684px) 100vw, 684px\" \/>\t\t\t\t\t\t\t\t\t\t\t\t\t\t\t<\/div>\n\t\t\t\t<\/div>\n\t\t<div class=\"elementor-element elementor-element-0aad0de e-con-full e-flex e-con e-child\" data-id=\"0aad0de\" data-element_type=\"container\" data-e-type=\"container\">\n\t\t\t\t\t\t\t<h2 \n\t\tdata-interaction-id=\"e0c0005\" \n\t\tclass=\"e-e0c0005-78b70a1 e-heading-base\" \n\t\t \n\t\t\n\t>\n\t\n\t\t\tPr\u00f3tesis, \u00f3rtesis y plantillas a medida\n\t\t<\/h2>\n\t\t\t\t\t\t\t\t<p class=\"e-c8069c1-dd14fe9 e-paragraph-base\" data-interaction-id=\"c8069c1\"  >\n\t\t\t\t\t\t\t\tCombinamos a\u00f1os de experiencia con la tecnolog\u00eda m\u00e1s avanzada en nuestro gabinete ortop\u00e9dico t\u00e9cnico. Gracias a que contamos con taller propio, nos especializamos en la fabricaci\u00f3n y adaptaci\u00f3n a medida de pr\u00f3tesis y ortesis, garantizando soluciones personalizadas que se ajustan perfectamente a tu cuerpo y a tu ritmo de vida.\n\t\t\t\t\t<\/p>\n\t\t\t\t<div class=\"elementor-element elementor-element-b972960 e-con e-atomic-element e-div-block-base e-b972960-6f3c0fd\" data-id=\"b972960\" data-element_type=\"e-div-block\" data-e-type=\"e-div-block\" data-interaction-id=\"b972960\">\n\t\t\t\t\t    \t            <button class=\"e-0301130-564a1ea e-button-base\" data-interaction-id=\"0301130\"  >\n            Servicios\n        <\/button>\n    \t\t\t\t\t    \t            <button class=\"e-7107bfb-cb3b475 e-button-base\" data-interaction-id=\"7107bfb\"  >\n            Contacto\n        <\/button>\n    \t\t\t\t<\/div>\n\t\t\t\t<\/div>\n\t\t\t\t\t<\/div>\n\t\t\t\t<\/div>\n\t\t<div class=\"elementor-element elementor-element-f2f9bae e-flex e-con-boxed e-con e-parent\" data-id=\"f2f9bae\" data-element_type=\"container\" data-e-type=\"container\">\n\t\t\t\t\t<div class=\"e-con-inner\">\n\t\t<div class=\"elementor-element elementor-element-8f93f7f e-con-full e-flex e-con e-child\" data-id=\"8f93f7f\" data-element_type=\"container\" data-e-type=\"container\">\n\t\t\t\t\t\t\t<h2 \n\t\tdata-interaction-id=\"5e32638\" \n\t\tclass=\"e-5e32638-30862ea e-heading-base\" \n\t\t \n\t\t\n\t>\n\t\n\t\t\tProductos ortop\u00e9dicos seleccionados por profesionales\n\t\t<\/h2>\n\t\t\t\t\t\t\t\t<p class=\"e-a09059d-d6be0de e-paragraph-base\" data-interaction-id=\"a09059d\"  >\n\t\t\t\t\t\t\t\tEn ortopedia Iregua encontrar\u00e1s profesionales con m\u00e1s de 40 a\u00f1os de experiencia al servicio de sus clientes.  En su establecimiento de Logro\u00f1o, son especialistas en la venta y fabricaci\u00f3n de productos ortop\u00e9dicos a medida, adem\u00e1s de disponer una amplia variedad de ayudas t\u00e9cnicas, ayudas din\u00e1micas y diferentes l\u00edneas de productos, como son las l\u00edneas antiescaras o de mastectom\u00eda entre otras. Al trabajar con marcas como Invacare, Orliman o Sunrise entre otras, garantizan a sus clientes la mejor calidad en sus productos y servicios. Todo ello unido a una atenci\u00f3n personalizada que conlleva desplazamientos a domicilio y a hospitales, para solucionar m\u00e1s f\u00e1cilmente cualquier problema que puedan presentar nuestros clientes.\n\t\t\t\t\t<\/p>\n\t\t\t\t<div class=\"elementor-element elementor-element-b093a8d e-con e-atomic-element e-div-block-base e-b093a8d-d58ac86\" data-id=\"b093a8d\" data-element_type=\"e-div-block\" data-e-type=\"e-div-block\" data-interaction-id=\"b093a8d\">\n\t\t\t\t\t    \t            <button class=\"e-3325af9-dd5685b e-button-base\" data-interaction-id=\"3325af9\"  >\n            Nuestros Productos\n        <\/button>\n    \t\t\t\t\t    \t            <button class=\"e-8c4d9a2-ccabc95 e-button-base\" data-interaction-id=\"8c4d9a2\"  >\n            Contacto\n        <\/button>\n    \t\t\t\t<\/div>\n\t\t\t\t<\/div>\n\t\t<div class=\"elementor-element elementor-element-9375240 e-con-full e-flex e-con e-child\" data-id=\"9375240\" data-element_type=\"container\" data-e-type=\"container\">\n\t\t\t\t<div class=\"elementor-element elementor-element-39b94be elementor-widget elementor-widget-image\" data-id=\"39b94be\" data-element_type=\"widget\" data-e-type=\"widget\" data-widget_type=\"image.default\">\n\t\t\t\t\t\t\t\t\t\t\t\t\t\t\t<img decoding=\"async\" width=\"859\" height=\"564\" src=\"https:\/\/ortopediairegua.devi4life.es\/wp-content\/uploads\/2026\/05\/Productos_OrtopediaIregua.png\" class=\"attachment-large size-large wp-image-11\" alt=\"\" srcset=\"https:\/\/ortopediairegua.devi4life.es\/wp-content\/uploads\/2026\/05\/Productos_OrtopediaIregua.png 859w, https:\/\/ortopediairegua.devi4life.es\/wp-content\/uploads\/2026\/05\/Productos_OrtopediaIregua-300x197.png 300w, https:\/\/ortopediairegua.devi4life.es\/wp-content\/uploads\/2026\/05\/Productos_OrtopediaIregua-768x504.png 768w\" sizes=\"(max-width: 859px) 100vw, 859px\" \/>\t\t\t\t\t\t\t\t\t\t\t\t\t\t\t<\/div>\n\t\t\t\t<\/div>\n\t\t\t\t\t<\/div>\n\t\t\t\t<\/div>\n\t\t<div class=\"elementor-element elementor-element-89e577b e-flex e-con-boxed e-con e-parent\" data-id=\"89e577b\" data-element_type=\"container\" data-e-type=\"container\">\n\t\t\t\t\t<div class=\"e-con-inner\">\n\t\t\t\t\t<\/div>\n\t\t\t\t<\/div>\n\t\t<div class=\"elementor-element elementor-element-7632cb9 e-flex e-con-boxed e-con e-parent\" data-id=\"7632cb9\" data-element_type=\"container\" data-e-type=\"container\" data-settings=\"{&quot;background_background&quot;:&quot;classic&quot;}\">\n\t\t\t\t\t<div class=\"e-con-inner\">\n\t\t<div class=\"elementor-element elementor-element-2d5dd0e e-con-full e-flex e-con e-child\" data-id=\"2d5dd0e\" data-element_type=\"container\" data-e-type=\"container\" data-settings=\"{&quot;background_background&quot;:&quot;classic&quot;}\">\n\t\t\t\t<\/div>\n\t\t<div class=\"elementor-element elementor-element-f0c4e27 e-con-full e-flex premium-con-lq__glass1 premium-lq__none e-con e-child\" data-id=\"f0c4e27\" data-element_type=\"container\" data-e-type=\"container\" data-settings=\"{&quot;background_background&quot;:&quot;classic&quot;}\">\n\t\t\t\t\t\t\t<h2 \n\t\tdata-interaction-id=\"ed3fe05\" \n\t\tclass=\"e-ed3fe05-747faf7 e-heading-base\" \n\t\t \n\t\t\n\t>\n\t\n\t\t\tAlquiler de sillas de ruedas y camas articuladas\n\t\t<\/h2>\n\t\t\t\t\t\t\t\t<p class=\"e-6ad8a81-8873103 e-paragraph-base\" data-interaction-id=\"6ad8a81\"  >\n\t\t\t\t\t\t\t\tEn Ortopedia Iregua sabemos que, en ocasiones, las necesidades de movilidad son temporales. Por ello, ofrecemos un servicio especializado de alquiler de sillas de ruedas y camas articuladas en Logro\u00f1o, dise\u00f1ado para ofrecer soluciones r\u00e1pidas y eficaces sin necesidad de realizar una inversi\u00f3n permanente.\n\t\t\t\t\t<\/p>\n\t\t\t\t<div class=\"elementor-element elementor-element-a98e673 e-con e-atomic-element e-div-block-base e-a98e673-dc3c1f9\" data-id=\"a98e673\" data-element_type=\"e-div-block\" data-e-type=\"e-div-block\" data-interaction-id=\"a98e673\">\n\t\t\t\t\t    \t            <button class=\"e-c07ddd7-6e39207 e-button-base\" data-interaction-id=\"c07ddd7\"  >\n            Servicios\n        <\/button>\n    \t\t\t\t\t    \t            <button class=\"e-b33933d-6b9e6d5 e-button-base\" data-interaction-id=\"b33933d\"  >\n            Contacto\n        <\/button>\n    \t\t\t\t<\/div>\n\t\t\t\t<\/div>\n\t\t\t\t\t<\/div>\n\t\t\t\t<\/div>\n\t\t<div class=\"elementor-element elementor-element-6e5ba1f e-flex e-con-boxed e-con e-parent\" data-id=\"6e5ba1f\" data-element_type=\"container\" data-e-type=\"container\" data-settings=\"{&quot;background_background&quot;:&quot;classic&quot;}\">\n\t\t\t\t\t<div class=\"e-con-inner\">\n\t\t\t\t\t\t\t<h2 \n\t\tdata-interaction-id=\"cecb940\" \n\t\tclass=\"e-cecb940-9509c6f e-heading-base\" \n\t\t \n\t\t\n\t>\n\t\n\t\t\tPreguntas y respuestas frecuentes\n\t\t<\/h2>\n\t\t\t\t<div class=\"elementor-element elementor-element-9e18013 elementor-widget elementor-widget-n-accordion\" data-id=\"9e18013\" data-element_type=\"widget\" data-e-type=\"widget\" data-settings=\"{&quot;default_state&quot;:&quot;expanded&quot;,&quot;max_items_expended&quot;:&quot;one&quot;,&quot;n_accordion_animation_duration&quot;:{&quot;unit&quot;:&quot;ms&quot;,&quot;size&quot;:400,&quot;sizes&quot;:[]}}\" data-widget_type=\"nested-accordion.default\">\n\t\t\t\t\t\t\t<div class=\"e-n-accordion\" aria-label=\"Accordion. Open links with Enter or Space, close with Escape, and navigate with Arrow Keys\">\n\t\t\t\t\t\t<details id=\"e-n-accordion-item-1650\" class=\"e-n-accordion-item\" open>\n\t\t\t\t<summary class=\"e-n-accordion-item-title\" data-accordion-index=\"1\" tabindex=\"0\" aria-expanded=\"true\" aria-controls=\"e-n-accordion-item-1650\" >\n\t\t\t\t\t<span class='e-n-accordion-item-title-header'><h3 class=\"e-n-accordion-item-title-text\"> \u00bfQu\u00e9 difrencia hay entre una pr\u00f3tesis, una \u00f3rtesis y una plantilla? <\/h3><\/span>\n\t\t\t\t\t\t\t<span class='e-n-accordion-item-title-icon'>\n\t\t\t<span class='e-opened' ><svg aria-hidden=\"true\" class=\"e-font-icon-svg e-fas-minus\" viewBox=\"0 0 448 512\" xmlns=\"http:\/\/www.w3.org\/2000\/svg\"><path d=\"M416 208H32c-17.67 0-32 14.33-32 32v32c0 17.67 14.33 32 32 32h384c17.67 0 32-14.33 32-32v-32c0-17.67-14.33-32-32-32z\"><\/path><\/svg><\/span>\n\t\t\t<span class='e-closed'><svg aria-hidden=\"true\" class=\"e-font-icon-svg e-fas-plus\" viewBox=\"0 0 448 512\" xmlns=\"http:\/\/www.w3.org\/2000\/svg\"><path d=\"M416 208H272V64c0-17.67-14.33-32-32-32h-32c-17.67 0-32 14.33-32 32v144H32c-17.67 0-32 14.33-32 32v32c0 17.67 14.33 32 32 32h144v144c0 17.67 14.33 32 32 32h32c17.67 0 32-14.33 32-32V304h144c17.67 0 32-14.33 32-32v-32c0-17.67-14.33-32-32-32z\"><\/path><\/svg><\/span>\n\t\t<\/span>\n\n\t\t\t\t\t\t<\/summary>\n\t\t\t\t<div role=\"region\" aria-labelledby=\"e-n-accordion-item-1650\" class=\"elementor-element elementor-element-7bc475b e-con-full e-flex e-con e-child\" data-id=\"7bc475b\" data-element_type=\"container\" data-e-type=\"container\">\n\t\t<div role=\"region\" aria-labelledby=\"e-n-accordion-item-1650\" class=\"elementor-element elementor-element-bf72e5e e-flex e-con-boxed e-con e-child\" data-id=\"bf72e5e\" data-element_type=\"container\" data-e-type=\"container\" data-settings=\"{&quot;background_background&quot;:&quot;classic&quot;}\">\n\t\t\t\t\t<div class=\"e-con-inner\">\n\t\t\t\t\t\t\t\t<p class=\"e-d9ae4a2-081851e e-paragraph-base\" data-interaction-id=\"d9ae4a2\"  >\n\t\t\t\t\t\t\t\tLa diferencia es que la pr\u00f3tesis se utiliza para sustituir una parte del cuerpo que falta, como una pierna o un brazo artificial, mientras que la ortesis no reemplaza nada, sino que apoya, corrige o mejora la funci\u00f3n de una parte del cuerpo que a\u00fan est\u00e1 presente, como una f\u00e9rula, rodillera o cors\u00e9; por su parte, la plantilla es simplemente un tipo espec\u00edfico de ortesis que se coloca dentro del calzado y sirve para corregir la pisada, distribuir mejor el peso o aliviar molestias en los pies.\n\t\t\t\t\t<\/p>\n\t\t\t\t\t<\/div>\n\t\t\t\t<\/div>\n\t\t\t\t<\/div>\n\t\t\t\t\t<\/details>\n\t\t\t\t\t\t<details id=\"e-n-accordion-item-1651\" class=\"e-n-accordion-item\" >\n\t\t\t\t<summary class=\"e-n-accordion-item-title\" data-accordion-index=\"2\" tabindex=\"-1\" aria-expanded=\"false\" aria-controls=\"e-n-accordion-item-1651\" >\n\t\t\t\t\t<span class='e-n-accordion-item-title-header'><h3 class=\"e-n-accordion-item-title-text\"> \u00bfC\u00f3mo puedo alquilar una silla de ruedas o una cama articulada? <\/h3><\/span>\n\t\t\t\t\t\t\t<span class='e-n-accordion-item-title-icon'>\n\t\t\t<span class='e-opened' ><svg aria-hidden=\"true\" class=\"e-font-icon-svg e-fas-minus\" viewBox=\"0 0 448 512\" xmlns=\"http:\/\/www.w3.org\/2000\/svg\"><path d=\"M416 208H32c-17.67 0-32 14.33-32 32v32c0 17.67 14.33 32 32 32h384c17.67 0 32-14.33 32-32v-32c0-17.67-14.33-32-32-32z\"><\/path><\/svg><\/span>\n\t\t\t<span class='e-closed'><svg aria-hidden=\"true\" class=\"e-font-icon-svg e-fas-plus\" viewBox=\"0 0 448 512\" xmlns=\"http:\/\/www.w3.org\/2000\/svg\"><path d=\"M416 208H272V64c0-17.67-14.33-32-32-32h-32c-17.67 0-32 14.33-32 32v144H32c-17.67 0-32 14.33-32 32v32c0 17.67 14.33 32 32 32h144v144c0 17.67 14.33 32 32 32h32c17.67 0 32-14.33 32-32V304h144c17.67 0 32-14.33 32-32v-32c0-17.67-14.33-32-32-32z\"><\/path><\/svg><\/span>\n\t\t<\/span>\n\n\t\t\t\t\t\t<\/summary>\n\t\t\t\t<div role=\"region\" aria-labelledby=\"e-n-accordion-item-1651\" class=\"elementor-element elementor-element-d49725f e-con-full e-flex e-con e-child\" data-id=\"d49725f\" data-element_type=\"container\" data-e-type=\"container\">\n\t\t<div role=\"region\" aria-labelledby=\"e-n-accordion-item-1651\" class=\"elementor-element elementor-element-0e14ac0 e-flex e-con-boxed e-con e-child\" data-id=\"0e14ac0\" data-element_type=\"container\" data-e-type=\"container\" data-settings=\"{&quot;background_background&quot;:&quot;classic&quot;}\">\n\t\t\t\t\t<div class=\"e-con-inner\">\n\t\t\t\t\t\t\t\t<p class=\"e-66731ce-fe71a71 e-paragraph-base\" data-interaction-id=\"66731ce\"  >\n\t\t\t\t\t\t\t\tEn Ortopedia Iregua ofrecemos un servicio de alquiler de sillas de ruedas y camas articuladas en Logro\u00f1o. Dicho servicio est\u00e1 orientado a facilitar la movilidad de todo tipo de personas, ya sea para&nbsp; facilitar la movilidad en periodos vacacionales y viajes, o a causa de una lesi\u00f3n temporal. Si es tu caso ponte en contacto con nosotros\n\t\t\t\t\t<\/p>\n\t\t\t\t\t<\/div>\n\t\t\t\t<\/div>\n\t\t\t\t<\/div>\n\t\t\t\t\t<\/details>\n\t\t\t\t\t\t<details id=\"e-n-accordion-item-1652\" class=\"e-n-accordion-item\" >\n\t\t\t\t<summary class=\"e-n-accordion-item-title\" data-accordion-index=\"3\" tabindex=\"-1\" aria-expanded=\"false\" aria-controls=\"e-n-accordion-item-1652\" >\n\t\t\t\t\t<span class='e-n-accordion-item-title-header'><h3 class=\"e-n-accordion-item-title-text\"> \u00bfQu\u00e9 puedo hacer si tengo una urgencia? <\/h3><\/span>\n\t\t\t\t\t\t\t<span class='e-n-accordion-item-title-icon'>\n\t\t\t<span class='e-opened' ><svg aria-hidden=\"true\" class=\"e-font-icon-svg e-fas-minus\" viewBox=\"0 0 448 512\" xmlns=\"http:\/\/www.w3.org\/2000\/svg\"><path d=\"M416 208H32c-17.67 0-32 14.33-32 32v32c0 17.67 14.33 32 32 32h384c17.67 0 32-14.33 32-32v-32c0-17.67-14.33-32-32-32z\"><\/path><\/svg><\/span>\n\t\t\t<span class='e-closed'><svg aria-hidden=\"true\" class=\"e-font-icon-svg e-fas-plus\" viewBox=\"0 0 448 512\" xmlns=\"http:\/\/www.w3.org\/2000\/svg\"><path d=\"M416 208H272V64c0-17.67-14.33-32-32-32h-32c-17.67 0-32 14.33-32 32v144H32c-17.67 0-32 14.33-32 32v32c0 17.67 14.33 32 32 32h144v144c0 17.67 14.33 32 32 32h32c17.67 0 32-14.33 32-32V304h144c17.67 0 32-14.33 32-32v-32c0-17.67-14.33-32-32-32z\"><\/path><\/svg><\/span>\n\t\t<\/span>\n\n\t\t\t\t\t\t<\/summary>\n\t\t\t\t<div role=\"region\" aria-labelledby=\"e-n-accordion-item-1652\" class=\"elementor-element elementor-element-0b606de e-con-full e-flex e-con e-child\" data-id=\"0b606de\" data-element_type=\"container\" data-e-type=\"container\">\n\t\t<div role=\"region\" aria-labelledby=\"e-n-accordion-item-1652\" class=\"elementor-element elementor-element-72f565b e-flex e-con-boxed e-con e-child\" data-id=\"72f565b\" data-element_type=\"container\" data-e-type=\"container\" data-settings=\"{&quot;background_background&quot;:&quot;classic&quot;}\">\n\t\t\t\t\t<div class=\"e-con-inner\">\n\t\t\t\t\t\t\t\t<p class=\"e-6e64269-87b39ce e-paragraph-base\" data-interaction-id=\"6e64269\"  >\n\t\t\t\t\t\t\t\tDisponemos de un servicio de urgencias 24 horas, ponte en contacto con 679 968 001\n\t\t\t\t\t<\/p>\n\t\t\t\t\t<\/div>\n\t\t\t\t<\/div>\n\t\t\t\t<\/div>\n\t\t\t\t\t<\/details>\n\t\t\t\t\t<\/div>\n\t\t\t\t\t\t<\/div>\n\t\t\t\t\t<\/div>\n\t\t\t\t<\/div>\n\t\t<div class=\"elementor-element elementor-element-a2d11ec e-flex e-con-boxed e-con e-parent\" data-id=\"a2d11ec\" data-element_type=\"container\" data-e-type=\"container\">\n\t\t\t\t\t<div class=\"e-con-inner\">\n\t\t<div class=\"elementor-element elementor-element-078da00 e-con-full e-flex e-con e-child\" data-id=\"078da00\" data-element_type=\"container\" data-e-type=\"container\">\n\t\t\t\t\t\t\t<h2 \n\t\tdata-interaction-id=\"46da095\" \n\t\tclass=\"e-46da095-d2ba1e5 e-heading-base\" \n\t\t \n\t\t\n\t>\n\t\n\t\t\tDescubre nuestro blog y aprende a vivir mejor\n\t\t<\/h2>\n\t\t\t\t\t\t\t\t<p class=\"e-paragraph-base\" data-interaction-id=\"edab04e\"  >\n\t\t\t\t\t\t\t\tEn nuestro blog encontrar\u00e1s consejos y art\u00edculos que ayudar\u00e1n a a mejorar tu calidad de vida\n\t\t\t\t\t<\/p>\n\t\t\t\t\t    \t            <button class=\"e-119d393-75325c9 e-button-base\" data-interaction-id=\"119d393\"  >\n            Ver blog\n        <\/button>\n    \t\t\t\t<\/div>\n\t\t<div class=\"elementor-element elementor-element-e08cf0e e-con-full e-flex e-con e-child\" data-id=\"e08cf0e\" data-element_type=\"container\" data-e-type=\"container\">\n\t\t\t\t<div class=\"elementor-element elementor-element-84c0fdd premium-blog-align-left elementor-widget elementor-widget-premium-addon-blog\" data-id=\"84c0fdd\" data-element_type=\"widget\" data-e-type=\"widget\" data-settings=\"{&quot;premium_blog_columns_number&quot;:&quot;33.33%&quot;,&quot;premium_blog_columns_number_tablet&quot;:&quot;33.33%&quot;,&quot;premium_blog_grid&quot;:&quot;yes&quot;,&quot;premium_blog_layout&quot;:&quot;even&quot;,&quot;premium_blog_columns_number_mobile&quot;:&quot;100%&quot;}\" data-widget_type=\"premium-addon-blog.default\">\n\t\t\t\t\t\n\t\t\n\n\t\t\t\t<div class=\"premium-blog-wrap  premium-blog-even\" data-page=\"13\">\n\t\t\t\t\t\t\t\t\t<div class=\"premium-blog-post-outer-container\" data-total=\"1\">\n\t\t\t<div class=\"premium-blog-post-container premium-blog-skin-classic\">\n\t\t\t\t\t\t\t\t\t\t\t\t<div class=\"premium-blog-content-wrapper empty-thumb\">\n\n\t\t\t\t\t<div class=\"premium-blog-inner-container\">\n\n\t\t\t\t\t\t\t\t\t\t\t\t\t\t<h3 class=\"premium-blog-entry-title\">\n\t\t\t<a href=\"https:\/\/ortopediairegua.devi4life.es\/index.php\/2023\/01\/25\/hello-world\/\" target=\"_blank\">\n\t\t\t\tHello world!\t\t\t<\/a>\n\t\t<\/h3>\n\t\t\t\t<div class=\"premium-blog-entry-meta\">\n\t\t\t\n\t\t\t\n\t\t\t\n\t\t\t\t\t<\/div>\n\t\t\n\t\t\t\t\t<\/div>\n\n\t\t\t\t\t\t\t<div class=\"premium-blog-content-inner-wrapper\">\n\t\t<p class=\"premium-blog-post-content\">Welcome to WordPress. This is your first post. Edit or delete it, then start writing!<\/p>\t\t<\/div>\n\t\t\t\t\t\t\t\n\t\t\t\t<\/div>\n\t\t\t<\/div>\n\t\t<\/div>\n\n\t\t\t\t\t\t\t<\/div>\n\n\t\t\n\t\t\n\t\t\t\t\t\t<\/div>\n\t\t\t\t<\/div>\n\t\t\t\t\t<\/div>\n\t\t\t\t<\/div>\n\t\t\t\t<\/div>\n\t\t","protected":false},"excerpt":{"rendered":"<p>Art\u00edculos de ortopedia en Logro\u00f1o Ortopedia Iregua En Ortopedia Iregua entendemos que cada paso cuenta. Por eso, no solo somos [&hellip;]<\/p>\n","protected":false},"author":1,"featured_media":0,"parent":0,"menu_order":0,"comment_status":"closed","ping_status":"closed","template":"","meta":{"site-sidebar-layout":"no-sidebar","site-content-layout":"","ast-site-content-layout":"full-width-container","site-content-style":"default","site-sidebar-style":"default","ast-global-header-display":"","ast-banner-title-visibility":"","ast-main-header-display":"","ast-hfb-above-header-display":"","ast-hfb-below-header-display":"","ast-hfb-mobile-header-display":"","site-post-title":"disabled","ast-breadcrumbs-content":"","ast-featured-img":"disabled","footer-sml-layout":"","ast-disable-related-posts":"","theme-transparent-header-meta":"","adv-header-id-meta":"","stick-header-meta":"","header-above-stick-meta":"","header-main-stick-meta":"","header-below-stick-meta":"","astra-migrate-meta-layouts":"default","ast-page-background-enabled":"default","ast-page-background-meta":{"desktop":{"background-color":"var(--ast-global-color-5)","background-image":"","background-repeat":"repeat","background-position":"center center","background-size":"auto","background-attachment":"scroll","background-type":"","background-media":"","overlay-type":"","overlay-color":"","overlay-opacity":"","overlay-gradient":""},"tablet":{"background-color":"","background-image":"","background-repeat":"repeat","background-position":"center center","background-size":"auto","background-attachment":"scroll","background-type":"","background-media":"","overlay-type":"","overlay-color":"","overlay-opacity":"","overlay-gradient":""},"mobile":{"background-color":"","background-image":"","background-repeat":"repeat","background-position":"center center","background-size":"auto","background-attachment":"scroll","background-type":"","background-media":"","overlay-type":"","overlay-color":"","overlay-opacity":"","overlay-gradient":""}},"ast-content-background-meta":{"desktop":{"background-color":"var(--ast-global-color-4)","background-image":"","background-repeat":"repeat","background-position":"center center","background-size":"auto","background-attachment":"scroll","background-type":"","background-media":"","overlay-type":"","overlay-color":"","overlay-opacity":"","overlay-gradient":""},"tablet":{"background-color":"var(--ast-global-color-4)","background-image":"","background-repeat":"repeat","background-position":"center center","background-size":"auto","background-attachment":"scroll","background-type":"","background-media":"","overlay-type":"","overlay-color":"","overlay-opacity":"","overlay-gradient":""},"mobile":{"background-color":"var(--ast-global-color-4)","background-image":"","background-repeat":"repeat","background-position":"center center","background-size":"auto","background-attachment":"scroll","background-type":"","background-media":"","overlay-type":"","overlay-color":"","overlay-opacity":"","overlay-gradient":""}},"footnotes":""},"class_list":["post-13","page","type-page","status-publish","hentry"],"_links":{"self":[{"href":"https:\/\/ortopediairegua.devi4life.es\/index.php\/wp-json\/wp\/v2\/pages\/13","targetHints":{"allow":["GET"]}}],"collection":[{"href":"https:\/\/ortopediairegua.devi4life.es\/index.php\/wp-json\/wp\/v2\/pages"}],"about":[{"href":"https:\/\/ortopediairegua.devi4life.es\/index.php\/wp-json\/wp\/v2\/types\/page"}],"author":[{"embeddable":true,"href":"https:\/\/ortopediairegua.devi4life.es\/index.php\/wp-json\/wp\/v2\/users\/1"}],"replies":[{"embeddable":true,"href":"https:\/\/ortopediairegua.devi4life.es\/index.php\/wp-json\/wp\/v2\/comments?post=13"}],"version-history":[{"count":16,"href":"https:\/\/ortopediairegua.devi4life.es\/index.php\/wp-json\/wp\/v2\/pages\/13\/revisions"}],"predecessor-version":[{"id":42,"href":"https:\/\/ortopediairegua.devi4life.es\/index.php\/wp-json\/wp\/v2\/pages\/13\/revisions\/42"}],"wp:attachment":[{"href":"https:\/\/ortopediairegua.devi4life.es\/index.php\/wp-json\/wp\/v2\/media?parent=13"}],"curies":[{"name":"wp","href":"https:\/\/api.w.org\/{rel}","templated":true}]}}