{"id":46,"date":"2026-05-11T08:18:12","date_gmt":"2026-05-11T08:18:12","guid":{"rendered":"https:\/\/ortopediairegua.devi4life.es\/?page_id=46"},"modified":"2026-05-11T08:18:12","modified_gmt":"2026-05-11T08:18:12","slug":"aviso-legal","status":"publish","type":"page","link":"https:\/\/ortopediairegua.devi4life.es\/index.php\/aviso-legal\/","title":{"rendered":"Aviso Legal"},"content":{"rendered":"\n<p><strong>1.&nbsp;<\/strong>El titular de este sitio web es MARI LUZ MIRALLES CARO, con N.I.F. 16506362K, con domicilio en Avenida Jorge Vig\u00f3n, 26, bajo, c\u00f3digo postal 26003 en la ciudad de Logro\u00f1o. A continuaci\u00f3n el nombre de la titular MARI LUZ MIRALLES CARO ser\u00e1 sustituido por ORTOPEDIA IREGUA en los lugares donde requieran los apartados descritos a continuaci\u00f3n.<\/p>\n\n\n\n<p><strong>2.&nbsp;<\/strong>El acceso al site de ORTOPEDIA IREGUA. es gratuito. Todo el contenido es propiedad intelectual de ORTOPEDIA IREGUA. Cualquier utilizaci\u00f3n de los mismos contraria a las normas en materia de propiedad intelectual ser\u00e1 perseguida con arreglo a la legislaci\u00f3n vigente.<\/p>\n","protected":false},"excerpt":{"rendered":"<p>1.&nbsp;El titular de este sitio web es MARI LUZ MIRALLES CARO, con N.I.F. 16506362K, con domicilio en Avenida Jorge Vig\u00f3n, [&hellip;]<\/p>\n","protected":false},"author":1,"featured_media":0,"parent":0,"menu_order":0,"comment_status":"closed","ping_status":"closed","template":"","meta":{"site-sidebar-layout":"default","site-content-layout":"","ast-site-content-layout":"default","site-content-style":"default","site-sidebar-style":"default","ast-global-header-display":"","ast-banner-title-visibility":"","ast-main-header-display":"","ast-hfb-above-header-display":"","ast-hfb-below-header-display":"","ast-hfb-mobile-header-display":"","site-post-title":"","ast-breadcrumbs-content":"","ast-featured-img":"","footer-sml-layout":"","ast-disable-related-posts":"","theme-transparent-header-meta":"","adv-header-id-meta":"","stick-header-meta":"","header-above-stick-meta":"","header-main-stick-meta":"","header-below-stick-meta":"","astra-migrate-meta-layouts":"default","ast-page-background-enabled":"default","ast-page-background-meta":{"desktop":{"background-color":"var(--ast-global-color-5)","background-image":"","background-repeat":"repeat","background-position":"center center","background-size":"auto","background-attachment":"scroll","background-type":"","background-media":"","overlay-type":"","overlay-color":"","overlay-opacity":"","overlay-gradient":""},"tablet":{"background-color":"","background-image":"","background-repeat":"repeat","background-position":"center center","background-size":"auto","background-attachment":"scroll","background-type":"","background-media":"","overlay-type":"","overlay-color":"","overlay-opacity":"","overlay-gradient":""},"mobile":{"background-color":"","background-image":"","background-repeat":"repeat","background-position":"center center","background-size":"auto","background-attachment":"scroll","background-type":"","background-media":"","overlay-type":"","overlay-color":"","overlay-opacity":"","overlay-gradient":""}},"ast-content-background-meta":{"desktop":{"background-color":"var(--ast-global-color-4)","background-image":"","background-repeat":"repeat","background-position":"center center","background-size":"auto","background-attachment":"scroll","background-type":"","background-media":"","overlay-type":"","overlay-color":"","overlay-opacity":"","overlay-gradient":""},"tablet":{"background-color":"var(--ast-global-color-4)","background-image":"","background-repeat":"repeat","background-position":"center center","background-size":"auto","background-attachment":"scroll","background-type":"","background-media":"","overlay-type":"","overlay-color":"","overlay-opacity":"","overlay-gradient":""},"mobile":{"background-color":"var(--ast-global-color-4)","background-image":"","background-repeat":"repeat","background-position":"center center","background-size":"auto","background-attachment":"scroll","background-type":"","background-media":"","overlay-type":"","overlay-color":"","overlay-opacity":"","overlay-gradient":""}},"footnotes":""},"class_list":["post-46","page","type-page","status-publish","hentry"],"_links":{"self":[{"href":"https:\/\/ortopediairegua.devi4life.es\/index.php\/wp-json\/wp\/v2\/pages\/46","targetHints":{"allow":["GET"]}}],"collection":[{"href":"https:\/\/ortopediairegua.devi4life.es\/index.php\/wp-json\/wp\/v2\/pages"}],"about":[{"href":"https:\/\/ortopediairegua.devi4life.es\/index.php\/wp-json\/wp\/v2\/types\/page"}],"author":[{"embeddable":true,"href":"https:\/\/ortopediairegua.devi4life.es\/index.php\/wp-json\/wp\/v2\/users\/1"}],"replies":[{"embeddable":true,"href":"https:\/\/ortopediairegua.devi4life.es\/index.php\/wp-json\/wp\/v2\/comments?post=46"}],"version-history":[{"count":1,"href":"https:\/\/ortopediairegua.devi4life.es\/index.php\/wp-json\/wp\/v2\/pages\/46\/revisions"}],"predecessor-version":[{"id":47,"href":"https:\/\/ortopediairegua.devi4life.es\/index.php\/wp-json\/wp\/v2\/pages\/46\/revisions\/47"}],"wp:attachment":[{"href":"https:\/\/ortopediairegua.devi4life.es\/index.php\/wp-json\/wp\/v2\/media?parent=46"}],"curies":[{"name":"wp","href":"https:\/\/api.w.org\/{rel}","templated":true}]}}